{"id":680,"date":"2026-02-19T08:46:35","date_gmt":"2026-02-19T08:46:35","guid":{"rendered":"https:\/\/teresekuhl.com\/?page_id=680"},"modified":"2026-04-12T14:46:37","modified_gmt":"2026-04-12T14:46:37","slug":"taidebrandayksen-tyokirja","status":"publish","type":"page","link":"https:\/\/teresekuhl.com\/?page_id=680","title":{"rendered":"Taidebr\u00e4nd\u00e4ys-valmennus ja ty\u00f6kirja"},"content":{"rendered":"\n<p class=\"has-large-font-size\"><strong>Taidebr\u00e4nd\u00e4ys-valmennus<\/strong><\/p>\n\n\n\n<p>Taiteilija, tiesitk\u00f6 ett\u00e4 vahva ja tunnistettava taidebr\u00e4ndi auttaa sinua saavuttamaan taiteesi taloudelliset tavoitteet? Voit lis\u00e4t\u00e4 taiteesi myynti\u00e4 ja rahoitusta sek\u00e4 tuotteistaa ja palvelumuotoilla taidettasi. Kaikki t\u00e4m\u00e4 johtaa siihen, ett\u00e4 voit menesty\u00e4 ja ansaita taiteellasi elannon. Haluan tarjota sinulle, hieno taiteilija, muutamia hy\u00f6dyllisi\u00e4 ty\u00f6kaluja taiteesi br\u00e4nd\u00e4ykseen. Kerron sinulle ensin Taidebr\u00e4nd\u00e4ys-valmennuksesta ja sivun lopussa Taidebr\u00e4nd\u00e4yksen ty\u00f6kirjasta.<\/p>\n\n\n\n<p class=\"has-medium-font-size\"><strong>Taidebr\u00e4nd\u00e4ys-valmennus<\/strong><\/p>\n\n\n\n<p>Haluatko sin\u00e4 kirkastaa oman taidebr\u00e4ndisi ja saada sen menestym\u00e4\u00e4n? Haluatko lis\u00e4t\u00e4 taiteesi myynti\u00e4, rahoitusta ja tunnettuutta? Halutko tehd\u00e4 taiteellasi lisensointia, tuotteistusta ja palvelumuotoilua? <\/p>\n\n\n\n<p><em>   -&gt; Jos vastasit kyll\u00e4, taidebr\u00e4nd\u00e4ys-valmennus voi olla sinua varten.<\/em><\/p>\n\n\n\n<p>Oletko valmis asettamaan itsellesi selke\u00e4t tavoitteet valmentajan tuella ja sitoutumaan niiden eteen ty\u00f6skentelyyn n. 6 kk:n ajan? Kaipaatko tueksesi ja keskustelukumppaniksesi kokeneen taidemanagerin, joka nostaa esiin sinun ja taiteesi potentiaalin?<\/p>\n\n\n\n<p><em>   -&gt; Jos vastasit t\u00e4h\u00e4nkin kyll\u00e4, taidebr\u00e4nd\u00e4ys-valmennus voi todella olla sinua varten.<\/em><\/p>\n\n\n\n<p class=\"has-medium-font-size\"><strong>Kenelle Taidebr\u00e4nd\u00e4ys-valmennus on suunnattu?<\/strong><\/p>\n\n\n\n<p>Taidebr\u00e4nd\u00e4ys-valmennus on suunnattu ammattitaiteilijoille ja sellaisiksi tosissaan t\u00e4ht\u00e4\u00e4vill\u00e4. Se on suunnattu taiteilijoille, joiden taiteella on jo oma tunnistettava tyyli ja puhutteleva tarina. Se on suunnattu taiteilijoille, jotka haluavat luoda taiteensa ymp\u00e4rille bisneksen, joka tuottaa aitoa kassavirtaa. Taiteilijoille, jotka haluavat monetisoida taidebr\u00e4ndins\u00e4 esim. teos- ja oheistuotemyynnin, lisensoinnin, sponsoroinnin ja palvelumuotoilun keinoin.<\/p>\n\n\n\n<p class=\"has-medium-font-size\"><strong>Sinua valmentaa taidemanageri Terese K\u00fchl<\/strong><\/p>\n\n\n\n<p>Olen tukenut jo yli 30:t\u00e4 ammattitaiteilijaa, uransa alussa olevaa taiteilijaa ja taidealan ammattilaista saavuttamaan omat tavoitteensa. Viimeisen kolmen vuoden ajan olen ty\u00f6skennellyt valmentavana taidemanagerina kymmenien taiteilijoiden kanssa niin Tyynel\u00e4 Galleryssa, Tyynel\u00e4n Taiteilijaohjelmassa, taiteilija-manageriyhteisty\u00f6ss\u00e4, valmennusohjelmissa ett\u00e4 toimeksiannoilla. Taiteilijoiden tavoitteet on k\u00e4sitelleet monipuolisesti niin taiteen tuotteistamista, palvelumuotoilua, sponsorointia, lisensointia ett\u00e4 br\u00e4nd\u00e4yst\u00e4.<\/p>\n\n\n\n<p class=\"has-medium-font-size\"><strong>Kokemukseni valmentajana<\/strong><\/p>\n\n\n\n<p>Olen kokenut valmentaja, jolla on yli 8 vuoden kokemus asiantuntijoiden valmentamisesta, ensin pankkialalla ja sitten taidealalla. Coachaamaan opin alkuaan Tukholmassa, jossa osallistuin aiemman ty\u00f6nantajani Nordean j\u00e4rjest\u00e4m\u00e4\u00e4n johtajakoulutukseen Nordea Leadership Academyssa (2014-2015). Johdin tuolloin asiantuntijatiimi\u00e4 valmentavan johtamisen opein ja sain tiimil\u00e4iseni kukoistamaan ja saavuttamaan omia kehittymistavoitteitaan. Valmensin my\u00f6s nuoria finanssialan osaajia Womens Career Networkin mentorointiohjelmassa ja innostuin valmentamisesta ihan todenteolla!<\/p>\n\n\n\n<p>Siirrytty\u00e4ni kuvataidealalle halusin tuoda valmennusoppini taiteilijoiden hy\u00f6dyksi. Huomasin ett\u00e4 taiteilijat ty\u00f6skenteliv\u00e4t kovin yksin ja kaipasivat keskustelukumppania ja tukea omien taloudellisten tavoitteiden asettamiseen ja niiden saavuttamiseen. Perustin ensimm\u00e4isen taiteilijoille suunnatun valmennusohjelman Tyynel\u00e4n Taiteilijaohjelman vuonna 2023 osana Tyynel\u00e4 Galleryn toimintaan. T\u00e4m\u00e4n j\u00e4lkeen olen valmentanut kymmeni\u00e4 taiteilijoita ja auttanut n\u00e4it\u00e4 saavuttamaan taidebr\u00e4ndins\u00e4 tavoitteet.<\/p>\n\n\n\n<p class=\"has-medium-font-size\"><strong>Suomen ihkaeka Taidebr\u00e4nd\u00e4ys-valmennus<\/strong>!<\/p>\n\n\n\n<p>Olen nyt lanseerannut Suomen ensimm\u00e4isen juuri ammattitaiteilijoille suunnatun Taidebr\u00e4nd\u00e4ys-valmennuksen. Kirkastetaan yhdess\u00e4 sinun taidebr\u00e4ndisi tavoitteet ja l\u00e4hdet\u00e4\u00e4n tekem\u00e4\u00e4n t\u00f6it\u00e4 niiden eteen kohti sinun taidebr\u00e4ndisi visiota. <a href=\"https:\/\/teresekuhl.com\/?p=153\" data-type=\"link\" data-id=\"https:\/\/teresekuhl.com\/?p=153\">Lue lis\u00e4\u00e4 blogitekstist\u00e4ni mit\u00e4 1:1 valmennus on?<\/a><\/p>\n\n\n\n<p class=\"has-medium-font-size\"><strong>Mit\u00e4 valmennus pit\u00e4\u00e4 sis\u00e4ll\u00e4\u00e4n?<\/strong><\/p>\n\n\n\n<p>Taidebr\u00e4nd\u00e4ys-valmennus sis\u00e4lt\u00e4\u00e4 joko 3 x 1,5 tunnin tai 4 x 1,5 tunnin valmennuskertaa n. 6 kk:n ajanjaksolla. Saat k\u00e4ytt\u00f6\u00f6si Taidebr\u00e4nd\u00e4yksen ty\u00f6kirjan, jonka voit tehd\u00e4 ohjatusti valmennusjakson aikana. Asetat taidebr\u00e4ndisi tavoitteet SMART-ty\u00f6kalun avulla. SMART auttaa sinua asettamaan itsellesi realististisia, saavutettavissa olevia tavoitteita, joihin sinulla on olemassa olevat resurssit. N\u00e4iden pohjalta saat minulta henkil\u00f6kohtaista 1:1 valmennusta tavoitteidesi saavuttamiseksi. <\/p>\n\n\n\n<p>Valmennuskeskusteluiden v\u00e4liss\u00e4 saat ty\u00f6skennell\u00e4 itsen\u00e4isesti edist\u00e4en konkreettisia toimia tavoitteidesi saavuttamiseksi. Seuraavassa valmennuskeskustelussa teemme follow-upin ja jatkamme joko saman tavoitteen tai seuraavan tavoitteen parissa.<\/p>\n\n\n\n<p>Valmennusmetodeina k\u00e4yt\u00e4n sek\u00e4 coachingia ett\u00e4 mentorointia. Mik\u00e4 on n\u00e4iden metodien ero? Coachingissa kysyn sinulta vahvoja ja avoimia kysymyksi\u00e4, jotka auttavat sinua oivaltamaan ne konkreettiset toimet mit\u00e4 sinun tulee tehd\u00e4 tavoitteidesi saavuttamiseksi. Valmennuskeskustelu noudattelee GROW-mallia, ja min\u00e4 pid\u00e4n huolta ajan kulumisesta ja siit\u00e4 ett\u00e4 p\u00e4\u00e4semme keskustelussa eteenp\u00e4in tavoitteista kohti ratkaisuja. Mentoroinnissa sin\u00e4 taas saat esitt\u00e4\u00e4 minulle kysymyksi\u00e4, ja voimme ammentaa vastauksia minun seitsem\u00e4n vuoden kokemuksestasi taidealalla.<\/p>\n\n\n\n<p>Voimme aloittaa valmennuksen, kun sinulla on siihen sopiva hetki ja pystyt sitoumaan n. 6 kk:n ty\u00f6skentelyyn yhdess\u00e4. Valmennuskeskustelut j\u00e4rjest\u00e4mme Google Meetiss\u00e4 toimistoaikoina mutta ilta- ja vkloppuajat onnistuvat tarvittaessa.<\/p>\n\n\n\n<p><strong>Selvitet\u00e4\u00e4n yhdess\u00e4 palveleeko t\u00e4m\u00e4 valmennus sinun tavoitteitasi!<\/strong><\/p>\n\n\n\n<p>Tied\u00e4n, ett\u00e4 t\u00e4m\u00e4 valmennus on sinulle iso investointi ja sitoumus. Minullekin on t\u00e4rke\u00e4\u00e4, ett\u00e4 t\u00e4st\u00e4 valmennuksesta on sinulle aidosti hy\u00f6ty\u00e4 ja se tuottaa sinulle lis\u00e4arvoa. Jos haluat keskustella kanssani aiheesta niin tarjoan sinulle maksuttoman 20 minuutin alkukartoituksen Meetiss\u00e4. T\u00e4m\u00e4 keskustelu ei sido eik\u00e4 velvoita sinua mihink\u00e4\u00e4n. Laita siis mulle rohkeasti s\u00e4hk\u00f6postia niin bookatan sulle alkukartoitus: tereses.artagency@gmail.com.<\/p>\n\n\n\n<p class=\"has-medium-font-size\"><strong>T\u00e4ss\u00e4 viel\u00e4 kertauksena mit\u00e4 valmennus sis\u00e4lt\u00e4\u00e4:<\/strong><\/p>\n\n\n\n<ul class=\"wp-block-list\">\n<li>3 x 90 min tai 4 x 90 min valmennuskertaa n. 6 kk:n ajanjaksolla.<\/li>\n\n\n\n<li>Taidebr\u00e4nd\u00e4yksen ty\u00f6kirjan, jonka voit tehd\u00e4 ohjatusti valmennusjakson aikana<\/li>\n\n\n\n<li>SMART -tavoiteasetanta -ty\u00f6kirjan taidebr\u00e4ndisi tavoitteiden asetantaan k\u00e4yt\u00e4nn\u00f6n toimien tekemiseen ja niiden seurantaan<\/li>\n\n\n\n<li>henkil\u00f6kohtaista 1:1 valmennusta tavoitteidesi pohjalta ja follow-up<\/li>\n\n\n\n<li>valmennusmetodeina coaching ja mentorointi<\/li>\n\n\n\n<li>Google Meetiss\u00e4, my\u00f6s ilta- ja vkloppuajat onnistuu<\/li>\n\n\n\n<li>koroton ja kuluton 6 kk:n osamaksumahdollisuus <\/li>\n\n\n\n<li>Paikkoja on rajoitetusti ja rajatun ajan<\/li>\n\n\n\n<li>Lis\u00e4valmennuskerrat 315 e \/ 90 min<\/li>\n<\/ul>\n\n\n\n<p><strong>Hinta: 1.249 e (3 valmennus krt, osamaksu 178 e\/kk x 7 kk) tai<\/strong><\/p>\n\n\n\n<p><strong>Hinta: 1.560 e (4 valmennus krt, osamaksu 195 e\/kk x 8 kk)<\/strong><\/p>\n\n\n\n<p><em>Hinnat sis\u00e4lt\u00e4v\u00e4t alv 25,5 % <\/em><\/p>\n\n\n\n<p>Her\u00e4sik\u00f6 sulla kysymyksi\u00e4 tai halutko selvitt\u00e4\u00e4 onko t\u00e4\u00e4 valmennus juuri sinulle \u2192 Bookkaa oma maksuton alkukartoitus 20 min: tereses.artagency@gmail.com.<\/p>\n\n\n\n<p class=\"has-large-font-size\"><strong>Taidebr\u00e4nd\u00e4yksen ty\u00f6kirja &#8211; Sinun taiteesi br\u00e4nd\u00e4ysmatka <\/strong><\/p>\n\n\n\n<p>Upea taiteilija, t\u00e4\u00e4 Taidebr\u00e4nd\u00e4yksen ty\u00f6kirja on sulle, joka haluat kirkastaa sun taidebr\u00e4ndi\u00e4si, lis\u00e4t\u00e4 sun taiteesi myynti\u00e4 ja rahoitusta, n\u00e4kyvyytt\u00e4 ja menestyst\u00e4. T\u00e4\u00e4 on sulle, joka haluat tehd\u00e4 taidetta ty\u00f6ksesi ja ansaita sill\u00e4 elannon.<\/p>\n\n\n\n<p>Sinun taiteesi br\u00e4nd\u00e4ysmatka -ty\u00f6kirja on suunniteltu ammattitaiteilijoille ja sellaisiksi t\u00e4ht\u00e4\u00e4ville. Ty\u00f6kirja on laaja ja syv\u00e4llinen ty\u00f6kalu taiteilijan itsen\u00e4iseen ty\u00f6skentelyyn ja sen voi tehd\u00e4 omaan tahtiin. Se sis\u00e4lt\u00e4\u00e4 30 k\u00e4yt\u00e4nn\u00f6nl\u00e4heist\u00e4 teht\u00e4v\u00e4\u00e4, jotka auttavat sua sanoittamaan taidebr\u00e4ndisi osa-alueet, br\u00e4ndistrategian ja tavoitteet, joiden avulla s\u00e4 voit p\u00e4\u00e4st\u00e4 l\u00e4hemm\u00e4ksi sun taidebr\u00e4ndisi visiota, joka siint\u00e4\u00e4 kirkkaana edess\u00e4si. Nyt vaan tarvitset konkreettiset ty\u00f6kalut taidebr\u00e4ndisi kirkastamiseen.<\/p>\n\n\n\n<p>Suomen eka juuri ammattitaiteiljoille suunnattu Taidebr\u00e4nd\u00e4yksen -ty\u00f6kirja on nyt myynniss\u00e4 <a href=\"https:\/\/holvi.com\/shop\/teresesartagency\/\" data-type=\"link\" data-id=\"https:\/\/holvi.com\/shop\/teresesartagency\/\">Terese&#8217;s Art Agencyn Holvi Shopissa<\/a>.<\/p>\n\n\n\n<p><strong>Taidebr\u00e4nd\u00e4yksen ty\u00f6kirjan kuvaus<\/strong><\/p>\n\n\n\n<p>Aloita sinun taiteesi br\u00e4nd\u00e4ysmatka t\u00e4m\u00e4n taidebr\u00e4nd\u00e4yksen ty\u00f6kirjan avulla. K\u00e4yt\u00e4nn\u00f6n harjoituksia sis\u00e4lt\u00e4v\u00e4 ty\u00f6kirja on suunnattu ammattitaiteilijoille ja sellaisiksi t\u00e4ht\u00e4\u00e4ville. Se tarjoaa konkreettiset ty\u00f6kalut itsen\u00e4iseen ty\u00f6skentelyyn oman taidebr\u00e4ndin kirkastamiseksi jotta sin\u00e4 voit saavuttaa oman taidebr\u00e4ndisi vision tavoite kerrallaan.<\/p>\n\n\n\n<p><strong>Taidebr\u00e4nd\u00e4yksen ty\u00f6kirja sis\u00e4lt\u00e4\u00e4:<\/strong><\/p>\n\n\n\n<ul class=\"wp-block-list\">\n<li>Sinun taidebr\u00e4ndisi sanoittamisen nelj\u00e4ss\u00e4 luvussa (30 sivua):\n<ul class=\"wp-block-list\">\n<li>Taidebr\u00e4ndisi unelmat ja nykytila<\/li>\n\n\n\n<li>Taidebr\u00e4ndisi osa-alueet: taide, taidebr\u00e4ndi, asiakas ja markkina<\/li>\n\n\n\n<li>Taidebr\u00e4ndisi strategia<\/li>\n\n\n\n<li>Taidebr\u00e4ndisi tavoitteet<\/li>\n<\/ul>\n<\/li>\n\n\n\n<li>30 yksitt\u00e4ist\u00e4 k\u00e4yt\u00e4nn\u00f6nl\u00e4heist\u00e4 kirjoitus- ja pohdintateht\u00e4v\u00e4\u00e4.<\/li>\n\n\n\n<li>Taidebr\u00e4ndistrategian ja tavoitteiden asetanta-harjoitukset, jotka johtavat sinua kohti taidebr\u00e4ndisi visiota.<\/li>\n<\/ul>\n\n\n\n<p><strong>Hinta: 249 e <\/strong>(sis. alv 25,5%)<\/p>\n\n\n\n<ul class=\"wp-block-list\">\n<li><em>Huom. Oston yhteydess\u00e4 saat s\u00e4hk\u00f6postiosoitteeseesi ty\u00f6kirjan latauslinkin. Ty\u00f6kirjan voi ladata max. 3 kertaa 6 kk:n aikana, jonka j\u00e4lkeen linkki vanhenee.<\/em><\/li>\n<\/ul>\n\n\n\n<p><strong>Kenelle ty\u00f6kirja soveltuu:<\/strong><\/p>\n\n\n\n<ul class=\"wp-block-list\">\n<li>ammattitaiteilijoille oli taiteenalasi tai mediumisi mik\u00e4 tahansa.<\/li>\n\n\n\n<li>taiteilijoille, jotka unelmoivat ammattitaiteilijuudesta ja t\u00e4ht\u00e4\u00e4v\u00e4t siihen tosissaan.<\/li>\n\n\n\n<li>sinulle, jonka taiteella on jo selke\u00e4 oma tyyli mutta kaipaat taidebr\u00e4ndisi kirkastamista.<\/li>\n\n\n\n<li>sinulle joka olet valmis tekem\u00e4\u00e4n t\u00f6it\u00e4 taidebr\u00e4ndisi eteen, investoimaan siihen aikaa ja ajatusta.<\/li>\n\n\n\n<li>sinulle, joita taidebr\u00e4nd\u00e4ys kiinnostaa ja joka on aina halunnut sanoittaa oman taidebr\u00e4ndins\u00e4.<\/li>\n<\/ul>\n\n\n\n<p><strong>Kenelle ty\u00f6kirja ei sovellu:<\/strong><\/p>\n\n\n\n<ul class=\"wp-block-list\">\n<li>sinulle, joka haet oikotiet\u00e4 onneen etk\u00e4 ole valmis tekem\u00e4\u00e4n t\u00f6it\u00e4 taidebr\u00e4ndisi eteen, sill\u00e4 t\u00e4m\u00e4n ty\u00f6kirja vaatii aikaa, paneutumista ja pitk\u00e4j\u00e4nteisyytt\u00e4.<\/li>\n\n\n\n<li>taideinstituutioille, -yhdistyksille ja -organisaatioille, sill\u00e4 niille Terese&#8217;s Art Agency tarjoaa r\u00e4\u00e4t\u00e4l\u00f6ityj\u00e4 taidebr\u00e4nd\u00e4yksen palveluita mm. workshopeja, webinaareja ja valmennusta.<\/li>\n<\/ul>\n\n\n\n<p><strong>Mit\u00e4 tuloksia voit saavuttaa:<\/strong><\/p>\n\n\n\n<ul class=\"wp-block-list\">\n<li>sitoutumalla tekem\u00e4\u00e4n koko ty\u00f6kirjan itsen\u00e4isesti ja pitk\u00e4j\u00e4nteisesti voit sanoittaa ja kirkastaa oman uniikin taidebr\u00e4ndisi, sen vision, strategian ja tavoitteet.<\/li>\n\n\n\n<li>voit saavuttaa tavoitteitasi taidebr\u00e4ndistrategian, tavoiteasetannan ja tavoitteiden eteen tehdyn fokusoidun ty\u00f6n avulla.<\/li>\n\n\n\n<li>saat taidebr\u00e4ndisi kukoistamaan ja p\u00e4\u00e4set l\u00e4hemm\u00e4ksi omaa taidebr\u00e4ndisi visiota.<\/li>\n\n\n\n<li>voit lis\u00e4t\u00e4 taiteesi myynti\u00e4 ja menestyst\u00e4si taiteilijana kun sinulla on selke\u00e4 taidebr\u00e4ndi josta viestit vaikuttavasti omille kohderyhmillesi.<\/li>\n<\/ul>\n\n\n\n<p><strong>Tekij\u00e4st\u00e4:<\/strong><\/p>\n\n\n\n<ul class=\"wp-block-list\">\n<li>Terese K\u00fchl on taidemanageri, joka on toiminut vuodesta 2021 l\u00e4htien eri taiteen v\u00e4litt\u00e4j\u00e4rooleissa mm. tuottajana, managerina, valmentajana ja kouluttajana.<\/li>\n\n\n\n<li>Terese on valmentanut yli 30:t\u00e4 ammattitaiteilijaa ja uransa alussa olevaa taiteilijaa viimeisen kolmen vuoden aikana osana Tyynel\u00e4n Taiteilijaohjelmaa, taiteilija-manageriyhteist\u00f6it\u00e4 ja valmennusohjelmia.<\/li>\n\n\n\n<li>ennen kuvataideuraa Terese valmensi useita vuosia pankki- ja finanssialan asiantuntijoita coaching-metodilla, jonka h\u00e4n oppi Tukholmassa Nordea Leadership Academyssa yli 12v sitten.<\/li>\n<\/ul>\n\n\n\n<p><strong>Ty\u00f6kirjan esimerkkisivuja: <\/strong><\/p>\n\n\n\n<figure class=\"wp-block-image aligncenter size-large is-resized\"><img loading=\"lazy\" decoding=\"async\" width=\"724\" height=\"1024\" src=\"https:\/\/teresekuhl.com\/wp-content\/uploads\/2026\/02\/unelma-asiakas-1-724x1024.png\" alt=\"\" class=\"wp-image-687\" style=\"aspect-ratio:0.707056307911618;width:275px;height:auto\" srcset=\"https:\/\/teresekuhl.com\/wp-content\/uploads\/2026\/02\/unelma-asiakas-1-724x1024.png 724w, https:\/\/teresekuhl.com\/wp-content\/uploads\/2026\/02\/unelma-asiakas-1-212x300.png 212w, https:\/\/teresekuhl.com\/wp-content\/uploads\/2026\/02\/unelma-asiakas-1-768x1086.png 768w, https:\/\/teresekuhl.com\/wp-content\/uploads\/2026\/02\/unelma-asiakas-1-scaled.png 1810w\" sizes=\"auto, (max-width: 724px) 100vw, 724px\" \/><\/figure>\n\n\n\n<figure class=\"wp-block-image aligncenter size-large is-resized\"><img loading=\"lazy\" decoding=\"async\" width=\"724\" height=\"1024\" src=\"https:\/\/teresekuhl.com\/wp-content\/uploads\/2026\/02\/esim-sivu-724x1024.png\" alt=\"\" class=\"wp-image-690\" style=\"aspect-ratio:0.7070437091284902;width:278px;height:auto\" srcset=\"https:\/\/teresekuhl.com\/wp-content\/uploads\/2026\/02\/esim-sivu-724x1024.png 724w, https:\/\/teresekuhl.com\/wp-content\/uploads\/2026\/02\/esim-sivu-212x300.png 212w, https:\/\/teresekuhl.com\/wp-content\/uploads\/2026\/02\/esim-sivu-768x1086.png 768w, https:\/\/teresekuhl.com\/wp-content\/uploads\/2026\/02\/esim-sivu-scaled.png 1810w\" sizes=\"auto, (max-width: 724px) 100vw, 724px\" \/><\/figure>\n\n\n\n<p><strong>Tekij\u00e4noikeuksista:<\/strong><\/p>\n\n\n\n<ul class=\"wp-block-list\">\n<li>Taidebr\u00e4nd\u00e4yksen ty\u00f6kirjan luoja on taidemanageri Terese K\u00fchl, jolla on t\u00e4ydet taloudelliset ja moraaliset tekij\u00e4noikeudet ty\u00f6kirjaan.<\/li>\n\n\n\n<li>Ty\u00f6kirja on suunnattu taiteilijoille ja taiteilijayritt\u00e4jille vain henkil\u00f6kohtaiseen k\u00e4ytt\u00f6\u00f6n<\/li>\n<\/ul>\n\n\n\n<p><\/p>\n","protected":false},"excerpt":{"rendered":"<p>Taidebr\u00e4nd\u00e4ys-valmennus Taiteilija, tiesitk\u00f6 ett\u00e4 vahva ja tunnistettava taidebr\u00e4ndi auttaa sinua saavuttamaan taiteesi taloudelliset tavoitteet? Voit lis\u00e4t\u00e4 taiteesi myynti\u00e4 ja rahoitusta sek\u00e4 tuotteistaa ja palvelumuotoilla taidettasi. Kaikki t\u00e4m\u00e4 johtaa siihen, ett\u00e4 voit menesty\u00e4 ja ansaita taiteellasi elannon. Haluan tarjota sinulle, hieno taiteilija, muutamia hy\u00f6dyllisi\u00e4 ty\u00f6kaluja taiteesi br\u00e4nd\u00e4ykseen. Kerron sinulle ensin Taidebr\u00e4nd\u00e4ys-valmennuksesta ja sivun lopussa Taidebr\u00e4nd\u00e4yksen ty\u00f6kirjasta. [&hellip;]<\/p>\n","protected":false},"author":1,"featured_media":0,"parent":0,"menu_order":0,"comment_status":"closed","ping_status":"closed","template":"","meta":{"footnotes":""},"class_list":["post-680","page","type-page","status-publish","hentry"],"jetpack_sharing_enabled":true,"_links":{"self":[{"href":"https:\/\/teresekuhl.com\/index.php?rest_route=\/wp\/v2\/pages\/680","targetHints":{"allow":["GET"]}}],"collection":[{"href":"https:\/\/teresekuhl.com\/index.php?rest_route=\/wp\/v2\/pages"}],"about":[{"href":"https:\/\/teresekuhl.com\/index.php?rest_route=\/wp\/v2\/types\/page"}],"author":[{"embeddable":true,"href":"https:\/\/teresekuhl.com\/index.php?rest_route=\/wp\/v2\/users\/1"}],"replies":[{"embeddable":true,"href":"https:\/\/teresekuhl.com\/index.php?rest_route=%2Fwp%2Fv2%2Fcomments&post=680"}],"version-history":[{"count":26,"href":"https:\/\/teresekuhl.com\/index.php?rest_route=\/wp\/v2\/pages\/680\/revisions"}],"predecessor-version":[{"id":836,"href":"https:\/\/teresekuhl.com\/index.php?rest_route=\/wp\/v2\/pages\/680\/revisions\/836"}],"wp:attachment":[{"href":"https:\/\/teresekuhl.com\/index.php?rest_route=%2Fwp%2Fv2%2Fmedia&parent=680"}],"curies":[{"name":"wp","href":"https:\/\/api.w.org\/{rel}","templated":true}]}}